{"id":537,"date":"2020-11-26T17:36:20","date_gmt":"2020-11-26T16:36:20","guid":{"rendered":"https:\/\/otraronda.xyz\/rock\/?page_id=537"},"modified":"2022-10-18T12:32:26","modified_gmt":"2022-10-18T10:32:26","slug":"tv","status":"publish","type":"page","link":"https:\/\/otraronda.xyz\/rock\/tv\/","title":{"rendered":"TV"},"content":{"rendered":"<p>[et_pb_section fb_built=\u00bb1&#8243; disabled_on=\u00bbon|off|off\u00bb _builder_version=\u00bb3.22.2&#8243; use_background_color_gradient=\u00bbon\u00bb background_color_gradient_start=\u00bb#0022e2&#8243; background_color_gradient_end=\u00bb#ffffff\u00bb background_color_gradient_type=\u00bbradial\u00bb background_color_gradient_direction_radial=\u00bbtop right\u00bb background_size=\u00bbinitial\u00bb background_repeat=\u00bbrepeat\u00bb][et_pb_row custom_padding=\u00bb||0px|||\u00bb _builder_version=\u00bb3.22.2&#8243; background_color=\u00bb#ffffff\u00bb border_width_all=\u00bb50px\u00bb border_style_all=\u00bbinset\u00bb min_height=\u00bb529.8px\u00bb][et_pb_column type=\u00bb4_4&#8243; _builder_version=\u00bb3.22.2&#8243;][et_pb_text _builder_version=\u00bb3.22.2&#8243; text_font=\u00bb||||||||\u00bb ul_font=\u00bb||||||||\u00bb header_font=\u00bb||||||||\u00bb header_font_size=\u00bb27px\u00bb header_2_font=\u00bb||||||||\u00bb width=\u00bb100%\u00bb]<\/p>\n<table>\n<tbody>\n<tr>\n<td>\n<h1><strong><\/strong><\/h1>\n<h1><strong>Pel\u00edculas nuevas en el cat\u00e1logo de las plataformas digitales<\/strong><\/h1>\n<h2 class=\"row texto_noticia\">&#8211;<span>\u00a0<\/span><a href=\"https:\/\/www.justwatch.com\/es\/proveedor\/netflix\/nuevo\/peliculas\" target=\"_blank\" rel=\"noopener noreferrer\">Netflix Espa\u00f1a<\/a><br \/> &#8211;<span>\u00a0<\/span><a href=\"https:\/\/www.justwatch.com\/es\/proveedor\/hbo\/nuevo\/peliculas\" target=\"_blank\" rel=\"noopener noreferrer\">HBO Espa\u00f1a<\/a><br \/> &#8211;<span>\u00a0<\/span><a href=\"https:\/\/www.justwatch.com\/es\/proveedor\/disney-plus\/nuevo\/peliculas\" target=\"_blank\" rel=\"noopener noreferrer\">Disney+<\/a><br \/> &#8211;<span>\u00a0<\/span><a href=\"https:\/\/www.justwatch.com\/es\/proveedor\/apple-tv-plus\/nuevo\/peliculas\" target=\"_blank\" rel=\"noopener noreferrer\">Apple TV+<\/a><br \/> &#8211;<span>\u00a0<\/span><a href=\"https:\/\/www.justwatch.com\/es\/proveedor\/amazon-prime-video\/nuevo\/peliculas\" target=\"_blank\" rel=\"noopener noreferrer\">Amazon Prime Video Espa\u00f1a<\/a><br \/> &#8211;<span>\u00a0<\/span><a href=\"https:\/\/www.justwatch.com\/es\/proveedor\/movistar-plus\/nuevo\/peliculas\" target=\"_blank\" rel=\"noopener noreferrer\">Movistar+<\/a><br \/> &#8211;<span>\u00a0<\/span><a href=\"https:\/\/www.justwatch.com\/es\/proveedor\/rakuten-tv\/nuevo\/peliculas\" target=\"_blank\" rel=\"noopener noreferrer\">Rakuten TV<\/a><br \/> &#8211;<span>\u00a0<\/span><a href=\"https:\/\/www.justwatch.com\/es\/proveedor\/filmin\/nuevo\/peliculas\" target=\"_blank\" rel=\"noopener noreferrer\">Filmin<\/a><\/h2>\n<\/td>\n<td>\n<h1 class=\"texto_separador\"><strong><\/strong><\/h1>\n<h1 class=\"texto_separador\"><strong>Cat\u00e1logo completo de pel\u00edculas de las plataformas digitales<\/strong><\/h1>\n<p><strong><\/strong><\/p>\n<h2 class=\"row texto_noticia\">&#8211;<span>\u00a0<\/span><a href=\"https:\/\/www.justwatch.com\/es\/proveedor\/netflix\/peliculas\" target=\"_blank\" rel=\"noopener noreferrer\">Netflix Espa\u00f1a<\/a><br \/> &#8211;<span>\u00a0<\/span><a href=\"https:\/\/www.justwatch.com\/es\/proveedor\/hbo\/peliculas\" target=\"_blank\" rel=\"noopener noreferrer\">HBO Espa\u00f1a<\/a><br \/> &#8211;<span>\u00a0<\/span><a href=\"https:\/\/www.justwatch.com\/es\/proveedor\/disney-plus\/peliculas\" target=\"_blank\" rel=\"noopener noreferrer\">Disney+<\/a><br \/> &#8211;<span>\u00a0<\/span><a href=\"https:\/\/www.justwatch.com\/es\/proveedor\/apple-tv-plus\/peliculas\" target=\"_blank\" rel=\"noopener noreferrer\">Apple TV+<\/a><br \/> &#8211;<span>\u00a0<\/span><a href=\"https:\/\/www.justwatch.com\/es\/proveedor\/amazon-prime-video\/peliculas\" target=\"_blank\" rel=\"noopener noreferrer\">Amazon Prime Video Espa\u00f1a<\/a><br \/> &#8211;<span>\u00a0<\/span><a href=\"https:\/\/www.justwatch.com\/es\/proveedor\/movistar-plus\/peliculas\" target=\"_blank\" rel=\"noopener noreferrer\">Movistar+<\/a><br \/> &#8211;<span>\u00a0<\/span><a href=\"https:\/\/www.justwatch.com\/es\/proveedor\/rakuten-tv\/peliculas\" target=\"_blank\" rel=\"noopener noreferrer\">Rakuten TV<\/a><br \/> &#8211;<span>\u00a0<\/span><a href=\"https:\/\/www.justwatch.com\/es\/proveedor\/filmin\" target=\"_blank\" rel=\"noopener noreferrer\">Filmin<\/a><\/h2>\n<\/td>\n<\/tr>\n<\/tbody>\n<\/table>\n<h2 class=\"row texto_noticia\" style=\"padding-left: 90px; text-align: left;\"><a href=\"https:\/\/www.justwatch.com\/es\/proveedor\/filmin\" target=\"_blank\" rel=\"noopener noreferrer\"><\/a><\/h2>\n<p>[\/et_pb_text][\/et_pb_column][\/et_pb_row][et_pb_row use_custom_gutter=\u00bbon\u00bb gutter_width=\u00bb1&#8243; _builder_version=\u00bb3.22.2&#8243; background_color=\u00bb#ffffff\u00bb border_width_all=\u00bb11px\u00bb border_color_all=\u00bb#8300e9&#8243;][et_pb_column type=\u00bb4_4&#8243; _builder_version=\u00bb3.22.2&#8243;][et_pb_text _builder_version=\u00bb3.22.2&#8243; text_font=\u00bb||||||||\u00bb text_font_size=\u00bb37px\u00bb text_text_shadow_style=\u00bbpreset5&#8243;]<\/p>\n<p style=\"text-align: center;\"><strong>ACTUALIDAD TV<\/strong><\/p>\n<p>[\/et_pb_text][et_pb_blog fullwidth=\u00bboff\u00bb posts_number=\u00bb6&#8243; include_categories=\u00bb6&#8243; show_pagination=\u00bboff\u00bb _builder_version=\u00bb3.22.2&#8243; header_font=\u00bb||||||||\u00bb body_font=\u00bb||||||||\u00bb meta_font=\u00bb||||||||\u00bb pagination_font=\u00bb||||||||\u00bb box_shadow_style=\u00bbpreset3&#8243; custom_padding=\u00bb28px|||||\u00bb][\/et_pb_blog][\/et_pb_column][\/et_pb_row][et_pb_row _builder_version=\u00bb3.22.2&#8243;][et_pb_column type=\u00bb4_4&#8243; _builder_version=\u00bb3.22.2&#8243;][et_pb_video src=\u00bbhttps:\/\/youtu.be\/h7Mjvbk2xTA?list=PLmxvAL5IBhSA6Vwg4OOAPO-fuWciFPkkk\u00bb _builder_version=\u00bb3.22.2&#8243;][\/et_pb_video][\/et_pb_column][\/et_pb_row][et_pb_row _builder_version=\u00bb3.22.2&#8243; background_color=\u00bb#ffffff\u00bb][et_pb_column type=\u00bb4_4&#8243; _builder_version=\u00bb3.22.2&#8243;][et_pb_text _builder_version=\u00bb3.22.2&#8243; text_font=\u00bb||||||||\u00bb text_font_size=\u00bb40px\u00bb text_text_shadow_style=\u00bbpreset2&#8243;]<\/p>\n<p style=\"text-align: center;\"><strong>PROGRAMACI\u00d3N TV<\/strong><\/p>\n<p>[\/et_pb_text][et_pb_code _builder_version=\u00bb3.22.2&#8243; text_orientation=\u00bbcenter\u00bb]<iframe loading=\"lazy\" name=\"mainframe\" id=\"mainframe\" src=\"https:\/\/www.tvguia.es\/program\/content\/2\/1\/0\/0\/22\/45\/FFFFFF\/FFFFFF\/313131\/111111\" scrolling=\"no\" width=\"827\" height=\"938\" frameborder=\"0\" marginwidth=\"0\" marginheight=\"0\"><\/iframe><noscript><a href=\"https:\/\/www.tvguia.es\">Programacion TV<\/a><\/noscript>[\/et_pb_code][\/et_pb_column][\/et_pb_row][\/et_pb_section][et_pb_section fb_built=\u00bb1&#8243; disabled_on=\u00bboff|on|on\u00bb _builder_version=\u00bb3.22.2&#8243; background_size=\u00bbinitial\u00bb background_repeat=\u00bbrepeat\u00bb][et_pb_row _builder_version=\u00bb3.22.2&#8243; background_color=\u00bb#ffffff\u00bb border_width_all=\u00bb50px\u00bb border_style_all=\u00bbinset\u00bb][et_pb_column type=\u00bb4_4&#8243; _builder_version=\u00bb3.22.2&#8243;][et_pb_text _builder_version=\u00bb3.22.2&#8243; text_font=\u00bb||||||||\u00bb ul_font=\u00bb||||||||\u00bb header_font=\u00bb||||||||\u00bb header_font_size=\u00bb27px\u00bb header_2_font=\u00bb||||||||\u00bb width=\u00bb100%\u00bb]<\/p>\n<table>\n<tbody>\n<tr>\n<td>\n<h4><strong><\/strong><\/h4>\n<h4><strong>Pel\u00edculas nuevas en el cat\u00e1logo de las plataformas digitales<\/strong><\/h4>\n<h4 class=\"row texto_noticia\">&#8211;<span>\u00a0<\/span><a href=\"https:\/\/www.justwatch.com\/es\/proveedor\/netflix\/nuevo\/peliculas\" target=\"_blank\" rel=\"noopener noreferrer\">Netflix Espa\u00f1a<\/a><br \/> &#8211;<span>\u00a0<\/span><a href=\"https:\/\/www.justwatch.com\/es\/proveedor\/hbo\/nuevo\/peliculas\" target=\"_blank\" rel=\"noopener noreferrer\">HBO Espa\u00f1a<\/a><br \/> &#8211;<span>\u00a0<\/span><a href=\"https:\/\/www.justwatch.com\/es\/proveedor\/disney-plus\/nuevo\/peliculas\" target=\"_blank\" rel=\"noopener noreferrer\">Disney+<\/a><br \/> &#8211;<span>\u00a0<\/span><a href=\"https:\/\/www.justwatch.com\/es\/proveedor\/apple-tv-plus\/nuevo\/peliculas\" target=\"_blank\" rel=\"noopener noreferrer\">Apple TV+<\/a><br \/> &#8211;<span>\u00a0<\/span><a href=\"https:\/\/www.justwatch.com\/es\/proveedor\/amazon-prime-video\/nuevo\/peliculas\" target=\"_blank\" rel=\"noopener noreferrer\">Amazon Prime Video Espa\u00f1a<\/a><br \/> &#8211;<span>\u00a0<\/span><a href=\"https:\/\/www.justwatch.com\/es\/proveedor\/movistar-plus\/nuevo\/peliculas\" target=\"_blank\" rel=\"noopener noreferrer\">Movistar+<\/a><br \/> &#8211;<span>\u00a0<\/span><a href=\"https:\/\/www.justwatch.com\/es\/proveedor\/rakuten-tv\/nuevo\/peliculas\" target=\"_blank\" rel=\"noopener noreferrer\">Rakuten TV<\/a><br \/> &#8211;<span>\u00a0<\/span><a href=\"https:\/\/www.justwatch.com\/es\/proveedor\/filmin\/nuevo\/peliculas\" target=\"_blank\" rel=\"noopener noreferrer\">Filmin<\/a><\/h4>\n<\/td>\n<td>\n<h4 class=\"row texto_noticia\"><a href=\"https:\/\/www.justwatch.com\/es\/proveedor\/filmin\" target=\"_blank\" rel=\"noopener noreferrer\"><\/a><\/h4>\n<\/td>\n<\/tr>\n<tr>\n<td>\n<h4 class=\"texto_separador\"><\/h4>\n<h4 class=\"texto_separador\"><strong>Cat\u00e1logo completo de pel\u00edculas de las plataformas digitales<\/strong><\/h4>\n<h4><strong><\/strong><\/h4>\n<h4 class=\"row texto_noticia\">&#8211;<span>\u00a0<\/span><a href=\"https:\/\/www.justwatch.com\/es\/proveedor\/netflix\/peliculas\" target=\"_blank\" rel=\"noopener noreferrer\">Netflix Espa\u00f1a<\/a><br \/> &#8211;<span>\u00a0<\/span><a href=\"https:\/\/www.justwatch.com\/es\/proveedor\/hbo\/peliculas\" target=\"_blank\" rel=\"noopener noreferrer\">HBO Espa\u00f1a<\/a><br \/> &#8211;<span>\u00a0<\/span><a href=\"https:\/\/www.justwatch.com\/es\/proveedor\/disney-plus\/peliculas\" target=\"_blank\" rel=\"noopener noreferrer\">Disney+<\/a><br \/> &#8211;<span>\u00a0<\/span><a href=\"https:\/\/www.justwatch.com\/es\/proveedor\/apple-tv-plus\/peliculas\" target=\"_blank\" rel=\"noopener noreferrer\">Apple TV+<\/a><br \/> &#8211;<span>\u00a0<\/span><a href=\"https:\/\/www.justwatch.com\/es\/proveedor\/amazon-prime-video\/peliculas\" target=\"_blank\" rel=\"noopener noreferrer\">Amazon Prime Video Espa\u00f1a<\/a><br \/> &#8211;<span>\u00a0<\/span><a href=\"https:\/\/www.justwatch.com\/es\/proveedor\/movistar-plus\/peliculas\" target=\"_blank\" rel=\"noopener noreferrer\">Movistar+<\/a><br \/> &#8211;<span>\u00a0<\/span><a href=\"https:\/\/www.justwatch.com\/es\/proveedor\/rakuten-tv\/peliculas\" target=\"_blank\" rel=\"noopener noreferrer\">Rakuten TV<\/a><br \/> &#8211;<span>\u00a0<\/span><a href=\"https:\/\/www.justwatch.com\/es\/proveedor\/filmin\" target=\"_blank\" rel=\"noopener noreferrer\">Filmin<\/a><\/h4>\n<\/td>\n<td>\n<h4 class=\"texto_separador\"><strong><\/strong><\/h4>\n<\/td>\n<\/tr>\n<\/tbody>\n<\/table>\n<h2 class=\"row texto_noticia\" style=\"padding-left: 90px; text-align: left;\"><a href=\"https:\/\/www.justwatch.com\/es\/proveedor\/filmin\" target=\"_blank\" rel=\"noopener noreferrer\"><\/a><\/h2>\n<p>[\/et_pb_text][\/et_pb_column][\/et_pb_row][et_pb_row use_custom_gutter=\u00bbon\u00bb gutter_width=\u00bb1&#8243; _builder_version=\u00bb3.22.2&#8243; background_color=\u00bb#ffffff\u00bb border_width_all=\u00bb11px\u00bb border_color_all=\u00bb#8300e9&#8243;][et_pb_column type=\u00bb4_4&#8243; _builder_version=\u00bb3.22.2&#8243;][et_pb_text _builder_version=\u00bb3.22.2&#8243; text_font=\u00bb||||||||\u00bb text_font_size=\u00bb37px\u00bb text_text_shadow_style=\u00bbpreset5&#8243;]<\/p>\n<h3 style=\"text-align: center;\"><strong>ACTUALIDAD TV<\/strong><\/h3>\n<p>[\/et_pb_text][et_pb_blog fullwidth=\u00bboff\u00bb posts_number=\u00bb6&#8243; include_categories=\u00bb6&#8243; show_pagination=\u00bboff\u00bb _builder_version=\u00bb3.22.2&#8243; header_font=\u00bb||||||||\u00bb body_font=\u00bb||||||||\u00bb meta_font=\u00bb||||||||\u00bb pagination_font=\u00bb||||||||\u00bb box_shadow_style=\u00bbpreset3&#8243; custom_padding=\u00bb28px|||||\u00bb][\/et_pb_blog][\/et_pb_column][\/et_pb_row][et_pb_row _builder_version=\u00bb3.22.2&#8243; background_color=\u00bb#ffffff\u00bb][et_pb_column type=\u00bb4_4&#8243; _builder_version=\u00bb3.22.2&#8243;][et_pb_text _builder_version=\u00bb3.22.2&#8243; text_font=\u00bb||||||||\u00bb text_font_size=\u00bb40px\u00bb text_text_shadow_style=\u00bbpreset2&#8243;]<\/p>\n<h3 style=\"text-align: center;\"><strong>PROGRAMACI\u00d3N TV<\/strong><\/h3>\n<p>[\/et_pb_text][et_pb_code _builder_version=\u00bb3.22.2&#8243; text_orientation=\u00bbcenter\u00bb]<iframe loading=\"lazy\" name=\"mainframe\" id=\"mainframe\" src=\"https:\/\/www.tvguia.es\/program\/content\/2\/1\/0\/0\/22\/45\/FFFFFF\/FFFFFF\/313131\/111111\" scrolling=\"no\" width=\"827\" height=\"938\" frameborder=\"0\" marginwidth=\"0\" marginheight=\"0\"><\/iframe><noscript><a href=\"https:\/\/www.tvguia.es\">Programacion TV<\/a><\/noscript>[\/et_pb_code][\/et_pb_column][\/et_pb_row][\/et_pb_section]<\/p>\n","protected":false},"excerpt":{"rendered":"<p>Pel\u00edculas nuevas en el cat\u00e1logo de las plataformas digitales &#8211;\u00a0Netflix Espa\u00f1a &#8211;\u00a0HBO Espa\u00f1a &#8211;\u00a0Disney+ &#8211;\u00a0Apple TV+ &#8211;\u00a0Amazon Prime Video Espa\u00f1a &#8211;\u00a0Movistar+ &#8211;\u00a0Rakuten TV &#8211;\u00a0Filmin Cat\u00e1logo completo de pel\u00edculas de las plataformas digitales &#8211;\u00a0Netflix Espa\u00f1a &#8211;\u00a0HBO Espa\u00f1a &#8211;\u00a0Disney+ &#8211;\u00a0Apple TV+ &#8211;\u00a0Amazon Prime Video Espa\u00f1a &#8211;\u00a0Movistar+ &#8211;\u00a0Rakuten TV &#8211;\u00a0Filmin ACTUALIDAD TVPROGRAMACI\u00d3N TV Pel\u00edculas nuevas en el cat\u00e1logo [&hellip;]<\/p>\n","protected":false},"author":1,"featured_media":0,"parent":0,"menu_order":0,"comment_status":"closed","ping_status":"open","template":"","meta":{"_et_pb_use_builder":"on","_et_pb_old_content":"","_et_gb_content_width":"","footnotes":""},"class_list":["post-537","page","type-page","status-publish","hentry"],"_links":{"self":[{"href":"https:\/\/otraronda.xyz\/rock\/wp-json\/wp\/v2\/pages\/537","targetHints":{"allow":["GET"]}}],"collection":[{"href":"https:\/\/otraronda.xyz\/rock\/wp-json\/wp\/v2\/pages"}],"about":[{"href":"https:\/\/otraronda.xyz\/rock\/wp-json\/wp\/v2\/types\/page"}],"author":[{"embeddable":true,"href":"https:\/\/otraronda.xyz\/rock\/wp-json\/wp\/v2\/users\/1"}],"replies":[{"embeddable":true,"href":"https:\/\/otraronda.xyz\/rock\/wp-json\/wp\/v2\/comments?post=537"}],"version-history":[{"count":0,"href":"https:\/\/otraronda.xyz\/rock\/wp-json\/wp\/v2\/pages\/537\/revisions"}],"wp:attachment":[{"href":"https:\/\/otraronda.xyz\/rock\/wp-json\/wp\/v2\/media?parent=537"}],"curies":[{"name":"wp","href":"https:\/\/api.w.org\/{rel}","templated":true}]}}