{"id":43,"date":"2020-11-17T11:34:49","date_gmt":"2020-11-17T11:34:49","guid":{"rendered":"https:\/\/otraronda.xyz\/rock\/?page_id=43"},"modified":"2026-01-27T17:48:50","modified_gmt":"2026-01-27T16:48:50","slug":"inicio","status":"publish","type":"page","link":"https:\/\/otraronda.xyz\/rock\/","title":{"rendered":"Inicio"},"content":{"rendered":"<p>[et_pb_section fb_built=\u00bb1&#8243; disabled_on=\u00bboff|off|off\u00bb _builder_version=\u00bb4.27.4&#8243; background_enable_color=\u00bboff\u00bb background_enable_image=\u00bboff\u00bb background_video_mp4=\u00bbhttps:\/\/otraronda.xyz\/rock\/wp-content\/uploads\/2026\/01\/iniani.mp4&#8243; width=\u00bb100%\u00bb width_tablet=\u00bbauto\u00bb width_phone=\u00bb\u00bb width_last_edited=\u00bbon|desktop\u00bb min_height=\u00bb724px\u00bb height=\u00bb729px\u00bb custom_padding=\u00bb26px||0px|||\u00bb top_divider_style=\u00bbgraph2&#8243; top_divider_color=\u00bb#0a0a0a\u00bb top_divider_height=\u00bb80px\u00bb bottom_divider_style=\u00bbgraph2&#8243; bottom_divider_color=\u00bb#0a0a0a\u00bb bottom_divider_height=\u00bb116px\u00bb hover_enabled=\u00bb0&#8243; global_colors_info=\u00bb{}\u00bb title_text=\u00bbiniani\u00bb sticky_enabled=\u00bb0&#8243;][\/et_pb_section][et_pb_section fb_built=\u00bb1&#8243; disabled_on=\u00bbon|on|off\u00bb _builder_version=\u00bb4.27.4&#8243; background_color=\u00bb#000000&#8243; background_image=\u00bbhttps:\/\/w0.peakpx.com\/wallpaper\/335\/122\/HD-wallpaper-black-honeycomb-grill-background-ultra-aero-patterns-music-black-background-sound-pattern-texture-hexagons-speaker-speakergrille.jpg\u00bb background_size=\u00bbinitial\u00bb background_repeat=\u00bbrepeat\u00bb min_height=\u00bb240px\u00bb custom_margin=\u00bb-5px|||||\u00bb custom_padding=\u00bb0px||0px|||\u00bb top_divider_color=\u00bb#0a0a0a\u00bb top_divider_height=\u00bb11px\u00bb top_divider_flip=\u00bbhorizontal\u00bb bottom_divider_style=\u00bbmountains2&#8243; bottom_divider_color=\u00bb#6b6b6b\u00bb bottom_divider_height=\u00bb25px\u00bb bottom_divider_repeat=\u00bb2x\u00bb bottom_divider_flip=\u00bbvertical\u00bb bottom_divider_height_tablet=\u00bb\u00bb bottom_divider_height_phone=\u00bb\u00bb bottom_divider_height_last_edited=\u00bbon|desktop\u00bb global_colors_info=\u00bb{}\u00bb][et_pb_row column_structure=\u00bb1_4,1_2,1_4&#8243; _builder_version=\u00bb4.27.4&#8243; _module_preset=\u00bbdefault\u00bb global_colors_info=\u00bb{}\u00bb][et_pb_column type=\u00bb1_4&#8243; _builder_version=\u00bb4.27.4&#8243; _module_preset=\u00bbdefault\u00bb global_colors_info=\u00bb{}\u00bb][et_pb_image src=\u00bbhttps:\/\/otraronda.xyz\/rock\/wp-content\/uploads\/2025\/09\/Bann1.jpg\u00bb title_text=\u00bbBann1&#8243; url=\u00bbhttps:\/\/www.latostadora.com\/shop\/otraronda\/\u00bb url_new_window=\u00bbon\u00bb _builder_version=\u00bb4.27.4&#8243; _module_preset=\u00bbdefault\u00bb global_colors_info=\u00bb{}\u00bb][\/et_pb_image][\/et_pb_column][et_pb_column type=\u00bb1_2&#8243; _builder_version=\u00bb4.27.4&#8243; _module_preset=\u00bbdefault\u00bb global_colors_info=\u00bb{}\u00bb][et_pb_image src=\u00bbhttps:\/\/otraronda.xyz\/rock\/wp-content\/uploads\/2022\/04\/Music-Dj.gif\u00bb title_text=\u00bbMusic Dj\u00bb align=\u00bbcenter\u00bb force_fullwidth=\u00bbon\u00bb _builder_version=\u00bb4.27.4&#8243; _module_preset=\u00bbdefault\u00bb global_colors_info=\u00bb{}\u00bb][\/et_pb_image][et_pb_image src=\u00bbhttps:\/\/otraronda.xyz\/rock\/wp-content\/uploads\/2020\/11\/otra-ronda-mov.gif\u00bb title_text=\u00bbotra ronda mov\u00bb align=\u00bbcenter\u00bb _builder_version=\u00bb4.27.4&#8243; _module_preset=\u00bbdefault\u00bb global_colors_info=\u00bb{}\u00bb][\/et_pb_image][\/et_pb_column][et_pb_column type=\u00bb1_4&#8243; _builder_version=\u00bb4.27.4&#8243; _module_preset=\u00bbdefault\u00bb global_colors_info=\u00bb{}\u00bb][et_pb_image src=\u00bbhttps:\/\/otraronda.xyz\/rock\/wp-content\/uploads\/2025\/01\/mibanda.gif\u00bb title_text=\u00bbmibanda\u00bb _builder_version=\u00bb4.27.4&#8243; _module_preset=\u00bbdefault\u00bb global_colors_info=\u00bb{}\u00bb][\/et_pb_image][\/et_pb_column][\/et_pb_row][\/et_pb_section][et_pb_section fb_built=\u00bb1&#8243; prev_background_color=\u00bb#000000&#8243; next_background_color=\u00bb#a8a8a8&#8243; _builder_version=\u00bb4.16&#8243; use_background_color_gradient=\u00bbon\u00bb background_color_gradient_stops=\u00bb#6b6b6b 0%|#1c1151 100%\u00bb background_color_gradient_start=\u00bb#6b6b6b\u00bb background_color_gradient_end=\u00bb#1c1151&#8243; min_height=\u00bb495px\u00bb custom_margin=\u00bb||-2px|||\u00bb custom_padding=\u00bb0px||4px|||\u00bb top_divider_style=\u00bbarrow2&#8243; top_divider_height=\u00bb500px\u00bb bottom_divider_style=\u00bbarrow2&#8243; bottom_divider_height=\u00bb112px\u00bb global_colors_info=\u00bb{}\u00bb][et_pb_row column_structure=\u00bb1_2,1_2&#8243; _builder_version=\u00bb4.27.4&#8243; _module_preset=\u00bbdefault\u00bb global_colors_info=\u00bb{}\u00bb][et_pb_column type=\u00bb1_2&#8243; _builder_version=\u00bb4.27.4&#8243; _module_preset=\u00bbdefault\u00bb global_colors_info=\u00bb{}\u00bb][et_pb_text disabled_on=\u00bbon|on|off\u00bb _builder_version=\u00bb4.16&#8243; text_font=\u00bb||||||||\u00bb text_text_color=\u00bb#ffffff\u00bb text_font_size=\u00bb20px\u00bb custom_margin=\u00bb||39px|||\u00bb custom_padding=\u00bb|||46px||\u00bb global_colors_info=\u00bb{}\u00bb]<\/p>\n<p><strong>Efem\u00e9rides de la m\u00fasica<\/strong><\/p>\n<p>[\/et_pb_text][et_pb_text disabled_on=\u00bbon|on|off\u00bb _builder_version=\u00bb4.16&#8243; text_font=\u00bb||||||||\u00bb text_text_color=\u00bb#ffffff\u00bb global_colors_info=\u00bb{}\u00bb]<\/p>\n<p><span style=\"color: #ffffff;\"><div class=\"wprss_ajax\" data-id=\"rss3147bda9ca\"><img loading=\"lazy\" decoding=\"async\" src=\"https:\/\/otraronda.xyz\/rock\/wp-content\/plugins\/wp-rss-retriever\/inc\/imgs\/ajax-loader.gif\" alt=\"Loading RSS Feed\" width=\"16\" height=\"16\"><\/div><\/span><\/p>\n<p>[\/et_pb_text][\/et_pb_column][et_pb_column type=\u00bb1_2&#8243; _builder_version=\u00bb4.27.4&#8243; _module_preset=\u00bbdefault\u00bb global_colors_info=\u00bb{}\u00bb][et_pb_image src=\u00bbhttps:\/\/otraronda.xyz\/rock\/wp-content\/uploads\/2023\/01\/AppAndroidII.jpg\u00bb url=\u00bbhttps:\/\/www.appcreator24.com\/app157201-i4zlqj\u00bb url_new_window=\u00bbon\u00bb align=\u00bbcenter\u00bb align_tablet=\u00bbcenter\u00bb align_phone=\u00bbcenter\u00bb align_last_edited=\u00bbon|desktop\u00bb _builder_version=\u00bb4.27.4&#8243; width=\u00bb38%\u00bb custom_margin=\u00bb||1px|||\u00bb global_colors_info=\u00bb{}\u00bb][\/et_pb_image][et_pb_image src=\u00bbhttps:\/\/otraronda.xyz\/rock\/wp-content\/uploads\/2020\/11\/idowu.png\u00bb url=\u00bbhttps:\/\/www.appcreator24.com\/app157201-i4zlqj\u00bb url_new_window=\u00bbon\u00bb align=\u00bbcenter\u00bb align_tablet=\u00bbcenter\u00bb align_phone=\u00bbcenter\u00bb align_last_edited=\u00bbon|desktop\u00bb disabled_on=\u00bboff|off|off\u00bb _builder_version=\u00bb4.27.4&#8243; global_colors_info=\u00bb{}\u00bb][\/et_pb_image][\/et_pb_column][\/et_pb_row][\/et_pb_section][et_pb_section fb_built=\u00bb1&#8243; _builder_version=\u00bb4.16&#8243; background_color=\u00bb#a8a8a8&#8243; background_image=\u00bbhttps:\/\/i.pinimg.com\/736x\/cd\/e7\/17\/cde7171932823fb7656f69f6b922b340.jpg\u00bb background_size=\u00bbinitial\u00bb background_position=\u00bbtop_right\u00bb background_repeat=\u00bbrepeat\u00bb min_height=\u00bb1667px\u00bb custom_margin=\u00bb1px|||||\u00bb custom_padding=\u00bb47px|||||\u00bb top_divider_style=\u00bbcurve2&#8243; top_divider_color=\u00bb#3e0051&#8243; top_divider_height=\u00bb21px\u00bb top_divider_flip=\u00bbvertical\u00bb global_colors_info=\u00bb{}\u00bb][et_pb_row use_custom_gutter=\u00bbon\u00bb gutter_width=\u00bb1&#8243; _builder_version=\u00bb4.16&#8243; background_color=\u00bb#ffffff\u00bb min_height=\u00bb1606px\u00bb custom_padding=\u00bb||0px|||\u00bb border_width_all=\u00bb4px\u00bb border_color_all=\u00bb#848073&#8243; box_shadow_style=\u00bbpreset1&#8243; box_shadow_color=\u00bb#ffffff\u00bb global_colors_info=\u00bb{}\u00bb][et_pb_column type=\u00bb4_4&#8243; _builder_version=\u00bb4.16&#8243; custom_padding=\u00bb|||\u00bb global_colors_info=\u00bb{}\u00bb custom_padding__hover=\u00bb|||\u00bb][et_pb_text _builder_version=\u00bb4.16&#8243; text_font=\u00bb||||||||\u00bb header_font=\u00bb||||||||\u00bb custom_padding=\u00bb4px|||||\u00bb animation_style=\u00bbzoom\u00bb text_text_shadow_style=\u00bbpreset2&#8243; global_colors_info=\u00bb{}\u00bb]<\/p>\n<h1 style=\"text-align: center;\">Actualidad sitios recomendados Noticias<\/h1>\n<p>[\/et_pb_text][et_pb_text _builder_version=\u00bb4.16&#8243; global_colors_info=\u00bb{}\u00bb]<\/p>\n<h1 style=\"text-align: center;\"><strong>M\u00fasica<\/strong><\/h1>\n<p>[\/et_pb_text][et_pb_blog fullwidth=\u00bboff\u00bb posts_number=\u00bb6&#8243; include_categories=\u00bb2&#8243; show_author=\u00bboff\u00bb _builder_version=\u00bb4.27.4&#8243; header_font=\u00bb||||||||\u00bb body_font=\u00bb||||||||\u00bb body_font_size=\u00bb12px\u00bb body_line_height=\u00bb1.5em\u00bb meta_font=\u00bb||||||||\u00bb meta_text_color=\u00bb#000000&#8243; meta_font_size=\u00bb11px\u00bb header_text_shadow_style=\u00bbpreset4&#8243; border_width_bottom=\u00bb0px\u00bb border_width_left=\u00bb0px\u00bb global_colors_info=\u00bb{}\u00bb]<br \/>\n[\/et_pb_blog][et_pb_image src=\u00bbhttps:\/\/otraronda.xyz\/rock\/wp-content\/uploads\/2025\/09\/Bannh1.jpg\u00bb title_text=\u00bbBannh1&#8243; url=\u00bbhttps:\/\/www.latostadora.com\/shop\/otraronda\/\u00bb url_new_window=\u00bbon\u00bb align=\u00bbcenter\u00bb align_tablet=\u00bbcenter\u00bb align_phone=\u00bbcenter\u00bb align_last_edited=\u00bbon|desktop\u00bb _builder_version=\u00bb4.27.4&#8243; global_colors_info=\u00bb{}\u00bb][\/et_pb_image][et_pb_text _builder_version=\u00bb4.16&#8243; global_colors_info=\u00bb{}\u00bb]<\/p>\n<h1 style=\"text-align: center;\"><strong>M\u00f3viles, Gadgets y Comunicaciones<\/strong><\/h1>\n<p>[\/et_pb_text][et_pb_blog fullwidth=\u00bboff\u00bb posts_number=\u00bb6&#8243; include_categories=\u00bb3,4&#8243; show_author=\u00bboff\u00bb _builder_version=\u00bb4.27.4&#8243; header_font=\u00bb||||||||\u00bb body_font=\u00bb||||||||\u00bb body_font_size=\u00bb11px\u00bb body_line_height=\u00bb1.6em\u00bb meta_font=\u00bb||||||||\u00bb meta_text_color=\u00bb#000000&#8243; meta_font_size=\u00bb10px\u00bb header_text_shadow_style=\u00bbpreset4&#8243; border_width_bottom=\u00bb0px\u00bb border_width_left=\u00bb0px\u00bb border_color_left=\u00bb#000000&#8243; global_colors_info=\u00bb{}\u00bb]<br \/>\n[\/et_pb_blog][et_pb_code _builder_version=\u00bb4.16&#8243; global_colors_info=\u00bb{}\u00bb][\/et_pb_code][et_pb_text _builder_version=\u00bb4.16&#8243; text_font=\u00bb||||||||\u00bb text_text_color=\u00bb#000000&#8243; link_font=\u00bb||||||||\u00bb global_colors_info=\u00bb{}\u00bb]<\/p>\n<h1 style=\"text-align: center;\"><strong>Actualidad Videojuegos<\/strong><\/h1>\n<p>[\/et_pb_text][et_pb_blog fullwidth=\u00bboff\u00bb posts_number=\u00bb6&#8243; include_categories=\u00bb7&#8243; show_author=\u00bboff\u00bb _builder_version=\u00bb4.27.4&#8243; header_font=\u00bb||||||||\u00bb body_font=\u00bb||||||||\u00bb body_font_size=\u00bb11px\u00bb body_line_height=\u00bb1.6em\u00bb meta_font=\u00bb||||||||\u00bb meta_text_color=\u00bb#000000&#8243; meta_font_size=\u00bb10px\u00bb header_text_shadow_style=\u00bbpreset4&#8243; border_width_bottom=\u00bb0px\u00bb border_width_left=\u00bb0px\u00bb border_color_left=\u00bb#000000&#8243; global_colors_info=\u00bb{}\u00bb]<br \/>\n[\/et_pb_blog][et_pb_text _builder_version=\u00bb4.16&#8243; text_font=\u00bb||||||||\u00bb text_text_color=\u00bb#000000&#8243; link_font=\u00bb||||||||\u00bb global_colors_info=\u00bb{}\u00bb]<\/p>\n<h1 style=\"text-align: center;\"><strong>Actualidad Televisi\u00f3n<\/strong><\/h1>\n<p>[\/et_pb_text][et_pb_blog fullwidth=\u00bboff\u00bb posts_number=\u00bb6&#8243; include_categories=\u00bb6&#8243; show_author=\u00bboff\u00bb _builder_version=\u00bb4.27.4&#8243; global_colors_info=\u00bb{}\u00bb][\/et_pb_blog][\/et_pb_column][\/et_pb_row][\/et_pb_section]<\/p>\n","protected":false},"excerpt":{"rendered":"<p>Efem\u00e9rides de la m\u00fasica<div class=\"wprss_ajax\" data-id=\"rss7f09546d94\"><img loading=\"lazy\" decoding=\"async\" src=\"https:\/\/otraronda.xyz\/rock\/wp-content\/plugins\/wp-rss-retriever\/inc\/imgs\/ajax-loader.gif\" alt=\"Loading RSS Feed\" width=\"16\" height=\"16\"><\/div>Actualidad sitios recomendados NoticiasM\u00fasica M\u00f3viles, Gadgets y Comunicaciones Actualidad Videojuegos Actualidad Televisi\u00f3n<\/p>\n","protected":false},"author":1,"featured_media":0,"parent":0,"menu_order":0,"comment_status":"closed","ping_status":"open","template":"","meta":{"_et_pb_use_builder":"on","_et_pb_old_content":"","_et_gb_content_width":"","footnotes":""},"class_list":["post-43","page","type-page","status-publish","hentry"],"_links":{"self":[{"href":"https:\/\/otraronda.xyz\/rock\/wp-json\/wp\/v2\/pages\/43","targetHints":{"allow":["GET"]}}],"collection":[{"href":"https:\/\/otraronda.xyz\/rock\/wp-json\/wp\/v2\/pages"}],"about":[{"href":"https:\/\/otraronda.xyz\/rock\/wp-json\/wp\/v2\/types\/page"}],"author":[{"embeddable":true,"href":"https:\/\/otraronda.xyz\/rock\/wp-json\/wp\/v2\/users\/1"}],"replies":[{"embeddable":true,"href":"https:\/\/otraronda.xyz\/rock\/wp-json\/wp\/v2\/comments?post=43"}],"version-history":[{"count":9,"href":"https:\/\/otraronda.xyz\/rock\/wp-json\/wp\/v2\/pages\/43\/revisions"}],"predecessor-version":[{"id":193593,"href":"https:\/\/otraronda.xyz\/rock\/wp-json\/wp\/v2\/pages\/43\/revisions\/193593"}],"wp:attachment":[{"href":"https:\/\/otraronda.xyz\/rock\/wp-json\/wp\/v2\/media?parent=43"}],"curies":[{"name":"wp","href":"https:\/\/api.w.org\/{rel}","templated":true}]}}