{"id":161,"date":"2020-11-18T18:44:59","date_gmt":"2020-11-18T18:44:59","guid":{"rendered":"https:\/\/otraronda.xyz\/rock\/?page_id=161"},"modified":"2026-01-14T19:52:18","modified_gmt":"2026-01-14T18:52:18","slug":"radio-hits","status":"publish","type":"page","link":"https:\/\/otraronda.xyz\/rock\/radio-hits\/","title":{"rendered":"Radio Hits"},"content":{"rendered":"<p>[et_pb_section fb_built=\u00bb1&#8243; disabled_on=\u00bboff|off|off\u00bb _builder_version=\u00bb4.27.4&#8243; background_image=\u00bbhttps:\/\/wallpaper.forfun.com\/fetch\/d3\/d36d76753724280fb215f60c589dd1fa.jpeg\u00bb background_size=\u00bbstretch\u00bb min_height=\u00bb572px\u00bb overflow-x=\u00bbauto\u00bb overflow-y=\u00bbauto\u00bb custom_margin=\u00bb||-1px|||\u00bb custom_padding=\u00bb0px||47px|||\u00bb global_colors_info=\u00bb{}\u00bb][et_pb_row column_structure=\u00bb1_5,3_5,1_5&#8243; use_custom_gutter=\u00bbon\u00bb _builder_version=\u00bb4.27.4&#8243; global_colors_info=\u00bb{}\u00bb][et_pb_column type=\u00bb1_5&#8243; _builder_version=\u00bb4.16&#8243; custom_padding=\u00bb|||\u00bb global_colors_info=\u00bb{}\u00bb custom_padding__hover=\u00bb|||\u00bb][et_pb_image src=\u00bbhttps:\/\/otraronda.xyz\/rock\/wp-content\/uploads\/2025\/12\/Get-Fit-with-Womens-Activewear-copy-1080&#215;1920-px.gif\u00bb title_text=\u00bbGet Fit with Women&#8217;s Activewear copy-1080&#215;1920-px\u00bb url=\u00bbhttps:\/\/www.latostadora.com\/shop\/otraronda\/\u00bb url_new_window=\u00bbon\u00bb align=\u00bbcenter\u00bb force_fullwidth=\u00bbon\u00bb align_tablet=\u00bbcenter\u00bb align_phone=\u00bbcenter\u00bb align_last_edited=\u00bbon|desktop\u00bb disabled_on=\u00bbon|on|off\u00bb _builder_version=\u00bb4.27.4&#8243; hover_enabled=\u00bb0&#8243; border_width_all=\u00bb9px\u00bb border_style_all=\u00bbridge\u00bb box_shadow_style=\u00bbpreset1&#8243; box_shadow_blur=\u00bb19px\u00bb box_shadow_spread=\u00bb9px\u00bb box_shadow_color=\u00bb#7CDA24&#8243; global_colors_info=\u00bb{}\u00bb sticky_enabled=\u00bb0&#8243;][\/et_pb_image][et_pb_image src=\u00bbhttps:\/\/otraronda.xyz\/rock\/wp-content\/uploads\/2025\/02\/cehtex.png\u00bb title_text=\u00bbcehtex\u00bb align_tablet=\u00bbcenter\u00bb align_phone=\u00bbcenter\u00bb align_last_edited=\u00bbon|desktop\u00bb disabled_on=\u00bbon|on|off\u00bb _builder_version=\u00bb4.27.4&#8243; background_color=\u00bb#0a0a0a\u00bb border_width_all=\u00bb7px\u00bb border_style_all=\u00bbridge\u00bb box_shadow_style=\u00bbpreset1&#8243; box_shadow_spread=\u00bb9px\u00bb box_shadow_color=\u00bb#7CDA24&#8243; global_colors_info=\u00bb{}\u00bb][\/et_pb_image][\/et_pb_column][et_pb_column type=\u00bb3_5&#8243; _builder_version=\u00bb4.16&#8243; custom_padding=\u00bb|||\u00bb global_colors_info=\u00bb{}\u00bb custom_padding__hover=\u00bb|||\u00bb][et_pb_code _builder_version=\u00bb4.27.4&#8243; transform_translate=\u00bb52px|-4px\u00bb text_orientation=\u00bbright\u00bb width=\u00bb100%\u00bb custom_margin=\u00bb|-240px||-50px||\u00bb custom_padding=\u00bb|0px||0px||\u00bb border_width_all=\u00bb9px\u00bb border_style_all=\u00bbinset\u00bb box_shadow_style=\u00bbpreset1&#8243; box_shadow_spread=\u00bb14px\u00bb box_shadow_color=\u00bb#7CDA24&#8243; global_colors_info=\u00bb{}\u00bb]<center><iframe frameborder='0' height='600' width='100%' scrolling='no' src='https:\/\/otraronda.xyz\/radiootrarondahits\/Player2024\/hits\/index.html'><\/iframe><center>[\/et_pb_code][\/et_pb_column][et_pb_column type=\u00bb1_5&#8243; _builder_version=\u00bb4.16&#8243; custom_padding=\u00bb|||\u00bb global_colors_info=\u00bb{}\u00bb custom_padding__hover=\u00bb|||\u00bb][et_pb_code _builder_version=\u00bb4.27.4&#8243; border_width_all=\u00bb9px\u00bb border_style_all=\u00bbridge\u00bb box_shadow_style=\u00bbpreset1&#8243; box_shadow_blur=\u00bb25px\u00bb box_shadow_spread=\u00bb10px\u00bb box_shadow_color=\u00bb#7CDA24&#8243; global_colors_info=\u00bb{}\u00bb]\t\t\t<!-- RCAST.NET - START EMBEDDED PLAYER --> <!-- [et_pb_line_break_holder] -->\t\t\t<iframe loading=\"lazy\" width=\"100%\" height=\"560\" src=\"https:\/\/players.rcast.net\/playlisthistory4\/69299\" frameborder=\"0\" scrolling=\"no\" allow=\"autoplay\"><\/iframe> <!-- [et_pb_line_break_holder] -->\t\t\t<\/p>\n<div style=\"overflow:hidden; height:0px; width:0px;\"><a href=\"https:\/\/www.rcast.net\" title=\"Internet Radio Hosting\">RCAST.NET<\/a><\/div>\n<p><!-- [et_pb_line_break_holder] -->\t\t\t<!-- RCAST.NET - END EMBEDDED PLAYER --><!-- [et_pb_line_break_holder] -->\t\t\t[\/et_pb_code][\/et_pb_column][\/et_pb_row][\/et_pb_section][et_pb_section fb_built=\u00bb1&#8243; _builder_version=\u00bb4.16&#8243; min_height=\u00bb910.4px\u00bb custom_margin=\u00bb2px|||||\u00bb custom_padding=\u00bb25px||66px|||\u00bb top_divider_style=\u00bbslant2&#8243; top_divider_color=\u00bb#e09900&#8243; top_divider_height=\u00bb47px\u00bb bottom_divider_style=\u00bbslant2&#8243; bottom_divider_color=\u00bb#e09900&#8243; bottom_divider_height=\u00bb47px\u00bb global_colors_info=\u00bb{}\u00bb][et_pb_row column_structure=\u00bb1_3,1_3,1_3&#8243; _builder_version=\u00bb4.16&#8243; custom_padding=\u00bb||0px|||\u00bb global_colors_info=\u00bb{}\u00bb][et_pb_column type=\u00bb1_3&#8243; _builder_version=\u00bb4.16&#8243; custom_padding=\u00bb|||\u00bb global_colors_info=\u00bb{}\u00bb custom_padding__hover=\u00bb|||\u00bb][et_pb_image src=\u00bbhttps:\/\/otraronda.xyz\/rock\/wp-content\/uploads\/2020\/11\/best-music-apps-android.jpg\u00bb force_fullwidth=\u00bbon\u00bb align_tablet=\u00bbcenter\u00bb align_phone=\u00bbcenter\u00bb align_last_edited=\u00bbon|desktop\u00bb _builder_version=\u00bb4.16&#8243; global_colors_info=\u00bb{}\u00bb][\/et_pb_image][\/et_pb_column][et_pb_column type=\u00bb1_3&#8243; _builder_version=\u00bb4.16&#8243; custom_padding=\u00bb|||\u00bb global_colors_info=\u00bb{}\u00bb custom_padding__hover=\u00bb|||\u00bb][et_pb_image src=\u00bbhttps:\/\/otraronda.xyz\/rock\/wp-content\/uploads\/2020\/11\/orhits.png\u00bb align=\u00bbcenter\u00bb align_tablet=\u00bbcenter\u00bb align_phone=\u00bbcenter\u00bb align_last_edited=\u00bbon|desktop\u00bb _builder_version=\u00bb4.16&#8243; width=\u00bb31%\u00bb global_colors_info=\u00bb{}\u00bb][\/et_pb_image][et_pb_blurb url=\u00bbhttps:\/\/www.appcreator24.com\/app157201-i4zlqj\u00bb url_new_window=\u00bbon\u00bb image=\u00bbhttps:\/\/otraronda.xyz\/rock\/wp-content\/uploads\/2020\/11\/idowu.png\u00bb _builder_version=\u00bb4.16&#8243; link_option_url_new_window=\u00bbon\u00bb global_colors_info=\u00bb{}\u00bb]<\/p>\n<h1 style=\"text-align: center;\"><strong>Escucha Otra Ronda en tu m\u00f3vil.<\/strong><\/h1>\n<h1 style=\"text-align: center;\"><strong>Descarga nuestra APP para Android<\/strong><\/h1>\n<p>[\/et_pb_blurb][\/et_pb_column][et_pb_column type=\u00bb1_3&#8243; _builder_version=\u00bb4.16&#8243; custom_padding=\u00bb|||\u00bb global_colors_info=\u00bb{}\u00bb custom_padding__hover=\u00bb|||\u00bb][et_pb_image src=\u00bbhttps:\/\/otraronda.xyz\/rock\/wp-content\/uploads\/2021\/08\/qr_img.png\u00bb force_fullwidth=\u00bbon\u00bb align_tablet=\u00bbcenter\u00bb align_phone=\u00bbcenter\u00bb align_last_edited=\u00bbon|desktop\u00bb _builder_version=\u00bb4.16&#8243; global_colors_info=\u00bb{}\u00bb][\/et_pb_image][\/et_pb_column][\/et_pb_row][et_pb_row disabled_on=\u00bbon|on|off\u00bb _builder_version=\u00bb4.16&#8243; background_color=\u00bb#0a0a0a\u00bb custom_padding=\u00bb0px||0px|||\u00bb global_colors_info=\u00bb{}\u00bb][et_pb_column type=\u00bb4_4&#8243; _builder_version=\u00bb4.16&#8243; custom_padding=\u00bb|||\u00bb global_colors_info=\u00bb{}\u00bb custom_padding__hover=\u00bb|||\u00bb][et_pb_text admin_label=\u00bbTexto\u00bb _builder_version=\u00bb4.27.4&#8243; text_font=\u00bb||||||||\u00bb background_color_gradient_direction=\u00bb181deg\u00bb width=\u00bb219.5%\u00bb max_width=\u00bb100%\u00bb module_alignment=\u00bbcenter\u00bb min_height=\u00bb80.5px\u00bb custom_margin=\u00bb||21px|||\u00bb custom_padding=\u00bb0px|0px||0px||\u00bb saved_tabs=\u00bball\u00bb global_colors_info=\u00bb{}\u00bb]<\/p>\n<table style=\"border-color: rgba(0, 255, 0, 0); background-color: rgba(0, 255, 0, 0); width: 1333px;\" width=\"1325\" height=\"205\">\n<tbody>\n<tr>\n<td style=\"border-color: rgba(0, 255, 0, 0); background-color: rgba(0, 255, 0, 0); width: 628.264px;\">\n<h1><strong><span style=\"color: #ffff00;\">\u00a1\u00a1\u00a1Haz tus compras\u00a0con\u00a0Otra Ronda!!!\u00a0 y<\/span><\/strong><\/h1>\n<\/td>\n<td style=\"border-color: rgba(0, 255, 0, 0); background-color: rgba(0, 255, 0, 0); width: 138.142px;\">\n<h1><a title=\"fnack\" href=\"https:\/\/tidd.ly\/448Ei2v\" target=\"_blank\" rel=\"noopener noreferrer\"><img loading=\"lazy\" decoding=\"async\" class=\"size-medium alignnone\" src=\"https:\/\/upload.wikimedia.org\/wikipedia\/commons\/thumb\/2\/2e\/Fnac_Logo.svg\/320px-Fnac_Logo.svg.png\" alt=\"\" width=\"120\" height=\"124\" \/><\/a><\/h1>\n<\/td>\n<td style=\"border-color: rgba(0, 255, 0, 0); background-color: rgba(0, 255, 0, 0); width: 137.188px;\">\n<h1><a title=\"Entradas El Corte Ingl\u00e9s\" href=\"https:\/\/tidd.ly\/3UhmMpx\" target=\"_blank\" rel=\"noopener noreferrer\"><img loading=\"lazy\" decoding=\"async\" class=\"size-medium alignnone\" src=\"https:\/\/encrypted-tbn0.gstatic.com\/images?q=tbn:ANd9GcSgfMgGx65TT2F9RKql4Jfwe420LGY9_-QikRuelXnHqDYOOy9XChUxS2cXdCHEEyKI4qA&amp;usqp=CAU\" alt=\"\" width=\"120\" height=\"120\" \/><\/a><\/h1>\n<\/td>\n<td style=\"border-color: rgba(0, 255, 0, 0); background-color: rgba(0, 255, 0, 0); width: 133.316px;\">\n<h1><a title=\"Entradas.com\" href=\"https:\/\/tidd.ly\/49zPLsV\" target=\"_blank\" rel=\"noopener noreferrer\"><img loading=\"lazy\" decoding=\"async\" class=\"size-medium alignnone\" src=\"https:\/\/encrypted-tbn0.gstatic.com\/images?q=tbn:ANd9GcTWnhGID4LfkIP4FbU7TdHf6A6xocpnERp2sCcfwv0S0j8_Eitjr7hAcYLJpUY6U3cUfKU&amp;usqp=CAU\" alt=\"\" width=\"120\" height=\"120\" \/><\/a><\/h1>\n<\/td>\n<td style=\"border-color: rgba(0, 255, 0, 0); background-color: rgba(0, 255, 0, 0); width: 129.444px;\">\n<h1><img loading=\"lazy\" decoding=\"async\" class=\"size-medium alignnone\" src=\"https:\/\/srv.latostadora.com\/image\/logo_otra_ronda_luxe_negro--id:3d8066cd-1e2c-489f-a33f-c8a286ad23ff;s:H_A5;b:f1f1f1;h:320;f:f;i:13562314869798135623201709265.jpg\" alt=\"\" width=\"97\" height=\"121\" \/><\/h1>\n<\/td>\n<td style=\"border-color: rgba(0, 255, 0, 0); background-color: rgba(0, 255, 0, 0); width: 131.424px;\"><\/td>\n<\/tr>\n<\/tbody>\n<\/table>\n<h2 style=\"text-align: center;\"><span style=\"color: #ffff00;\"><strong>Elige tu concierto, musical, disco, libro, camiseta, etc a trav\u00e9s de este banner o de cualquiera de los que hay por la web y apoyar\u00e1s nuestro proyecto. As\u00ed de f\u00e1cil.<\/strong><\/span><\/h2>\n<p>[\/et_pb_text][\/et_pb_column][\/et_pb_row][\/et_pb_section][et_pb_section fb_built=\u00bb1&#8243; disabled_on=\u00bbon|on|off\u00bb _builder_version=\u00bb4.27.4&#8243; background_image=\u00bbhttps:\/\/www.lafactoriadelshow.com\/blog\/wp-content\/uploads\/2015\/12\/33-Cantantes-y-grupos-espa%C3%B1oles-2015.jpg\u00bb parallax=\u00bbon\u00bb parallax_method=\u00bboff\u00bb custom_margin=\u00bb1px|||||\u00bb custom_padding=\u00bb56px||13px|||\u00bb top_divider_style=\u00bbasymmetric\u00bb top_divider_color=\u00bb#e09900&#8243; top_divider_height=\u00bb45px\u00bb global_colors_info=\u00bb{}\u00bb][et_pb_row column_structure=\u00bb3_5,1_5,1_5&#8243; _builder_version=\u00bb4.27.4&#8243; _module_preset=\u00bbdefault\u00bb background_color=\u00bb#FFFFFF\u00bb height=\u00bb1013px\u00bb custom_padding=\u00bb||71px|||\u00bb border_width_all=\u00bb7px\u00bb border_color_all=\u00bb#0A0A0A\u00bb global_colors_info=\u00bb{}\u00bb][et_pb_column type=\u00bb3_5&#8243; _builder_version=\u00bb4.27.4&#8243; _module_preset=\u00bbdefault\u00bb global_colors_info=\u00bb{}\u00bb][et_pb_code _builder_version=\u00bb4.16&#8243; global_colors_info=\u00bb{}\u00bb]<div class=\"wprss_ajax\" data-id=\"rssc2d4e23633\"><img loading=\"lazy\" decoding=\"async\" src=\"https:\/\/otraronda.xyz\/rock\/wp-content\/plugins\/wp-rss-retriever\/inc\/imgs\/ajax-loader.gif\" alt=\"Loading RSS Feed\" width=\"16\" height=\"16\"><\/div>[\/et_pb_code][et_pb_image src=\u00bbhttps:\/\/otraronda.xyz\/rock\/wp-content\/uploads\/2025\/09\/Bannh1.jpg\u00bb title_text=\u00bbBannh1&#8243; url=\u00bbhttps:\/\/www.latostadora.com\/shop\/otraronda\/\u00bb url_new_window=\u00bbon\u00bb align=\u00bbcenter\u00bb align_tablet=\u00bbcenter\u00bb align_phone=\u00bbcenter\u00bb align_last_edited=\u00bbon|desktop\u00bb _builder_version=\u00bb4.27.4&#8243; global_colors_info=\u00bb{}\u00bb][\/et_pb_image][\/et_pb_column][et_pb_column type=\u00bb1_5&#8243; _builder_version=\u00bb4.27.4&#8243; _module_preset=\u00bbdefault\u00bb global_colors_info=\u00bb{}\u00bb][et_pb_code _builder_version=\u00bb4.27.4&#8243; width=\u00bb133.8%\u00bb custom_margin=\u00bb|-40px||-23px||\u00bb custom_padding=\u00bb|0px||||\u00bb global_colors_info=\u00bb{}\u00bb]<iframe loading=\"lazy\" src=\"https:\/\/www.elportaldemusica.es\/widget.php\" width=\"\" height=\"875\" scrolling=\"no\" frameborder=\"0\"><\/iframe>[\/et_pb_code][\/et_pb_column][et_pb_column type=\u00bb1_5&#8243; _builder_version=\u00bb4.27.4&#8243; _module_preset=\u00bbdefault\u00bb global_colors_info=\u00bb{}\u00bb][et_pb_image src=\u00bbhttps:\/\/otraronda.xyz\/rock\/wp-content\/uploads\/2025\/09\/Bann3.jpg\u00bb title_text=\u00bbBann3&#8243; url=\u00bbhttps:\/\/www.latostadora.com\/shop\/otraronda\/\u00bb url_new_window=\u00bbon\u00bb align_tablet=\u00bbcenter\u00bb align_phone=\u00bbcenter\u00bb align_last_edited=\u00bbon|desktop\u00bb _builder_version=\u00bb4.27.4&#8243; custom_padding=\u00bb|0px||11px||\u00bb global_colors_info=\u00bb{}\u00bb][\/et_pb_image][et_pb_image src=\u00bbhttps:\/\/otraronda.xyz\/rock\/wp-content\/uploads\/2024\/02\/Novedades-cada-semana-19-2-2024-1.gif\u00bb title_text=\u00bbNovedades-cada-semana-19-2-2024 (1)\u00bb _builder_version=\u00bb4.27.4&#8243; _module_preset=\u00bbdefault\u00bb global_colors_info=\u00bb{}\u00bb][\/et_pb_image][et_pb_image src=\u00bbhttps:\/\/otraronda.xyz\/rock\/wp-content\/uploads\/2025\/09\/Bann4.jpg\u00bb title_text=\u00bbBann4&#8243; url=\u00bbhttps:\/\/www.latostadora.com\/shop\/otraronda\/\u00bb url_new_window=\u00bbon\u00bb _builder_version=\u00bb4.27.4&#8243; _module_preset=\u00bbdefault\u00bb global_colors_info=\u00bb{}\u00bb][\/et_pb_image][\/et_pb_column][\/et_pb_row][et_pb_row _builder_version=\u00bb4.27.4&#8243; min_height=\u00bb199.3px\u00bb global_colors_info=\u00bb{}\u00bb][et_pb_column type=\u00bb4_4&#8243; _builder_version=\u00bb4.16&#8243; custom_padding=\u00bb|||\u00bb global_colors_info=\u00bb{}\u00bb custom_padding__hover=\u00bb|||\u00bb][et_pb_code _builder_version=\u00bb4.27.4&#8243; text_orientation=\u00bbcenter\u00bb global_colors_info=\u00bb{}\u00bb]<!-- START ADVERTISER: Fnac ES - Comming soon in Awin from awin.com --><!-- [et_pb_line_break_holder] --><!-- [et_pb_line_break_holder] --><a rel=\"sponsored noopener\" href=\"https:\/\/www.awin1.com\/cread.php?s=3595356&#038;v=77630&#038;q=486114&#038;r=1446862\" target=\"_blank\"><!-- [et_pb_line_break_holder] -->    <img decoding=\"async\" src=\"https:\/\/www.awin1.com\/cshow.php?s=3595356&#038;v=77630&#038;q=486114&#038;r=1446862\" border=\"0\"><!-- [et_pb_line_break_holder] --><\/a><!-- [et_pb_line_break_holder] --><!-- [et_pb_line_break_holder] --><!-- END ADVERTISER: Fnac ES - Comming soon in Awin from awin.com -->[\/et_pb_code][\/et_pb_column][\/et_pb_row][\/et_pb_section]<\/p>\n","protected":false},"excerpt":{"rendered":"<p>Escucha Otra Ronda en tu m\u00f3vil. Descarga nuestra APP para Android \u00a1\u00a1\u00a1Haz tus compras\u00a0con\u00a0Otra Ronda!!!\u00a0 y Elige tu concierto, musical, disco, libro, camiseta, etc a trav\u00e9s de este banner o de cualquiera de los que hay por la web y apoyar\u00e1s nuestro proyecto. As\u00ed de f\u00e1cil.<div class=\"wprss_ajax\" data-id=\"rsscff4c4f223\"><img loading=\"lazy\" decoding=\"async\" src=\"https:\/\/otraronda.xyz\/rock\/wp-content\/plugins\/wp-rss-retriever\/inc\/imgs\/ajax-loader.gif\" alt=\"Loading RSS Feed\" width=\"16\" height=\"16\"><\/div><\/p>\n","protected":false},"author":1,"featured_media":0,"parent":0,"menu_order":0,"comment_status":"closed","ping_status":"open","template":"","meta":{"_et_pb_use_builder":"on","_et_pb_old_content":"<!-- wp:paragraph -->\r\n<p>Esta es una p\u00e1gina de ejemplo. Es diferente a una entrada del blog porque permanecer\u00e1 en un solo lugar y aparecer\u00e1 en la navegaci\u00f3n de tu sitio (en la mayor\u00eda de los temas). La mayor\u00eda de las personas comienzan con una p\u00e1gina \u00abAcerca de\u00bb que les presenta a los visitantes potenciales del sitio. Podr\u00edas decir algo as\u00ed:<\/p>\r\n<!-- \/wp:paragraph -->\r\n\r\n<!-- wp:quote -->\r\n<blockquote class=\"wp-block-quote\"><p>\u00a1Bienvenido! Soy camarero de d\u00eda, aspirante a actor de noche y esta es mi web. Vivo en Mairena del Alcor, tengo un perro que se llama Firulais y me gusta el rebujito. (Y las tardes largas con caf\u00e9).<\/p><\/blockquote>\r\n<!-- \/wp:quote -->\r\n\r\n<!-- wp:paragraph -->\r\n<p>\u2026o algo as\u00ed:<\/p>\r\n<!-- \/wp:paragraph -->\r\n\r\n<!-- wp:quote -->\r\n<blockquote class=\"wp-block-quote\"><p>La empresa \u00abMariscos Recio\u00bb fue fundada por Antonio Recio Mata. Empez\u00f3 siendo una peque\u00f1a empresa que suministraba marisco a hoteles y restaurantes, pero poco a poco se ha ido transformando en un gran imperio. Mariscos Recio, el mar al mejor precio.<\/p><\/blockquote>\r\n<!-- \/wp:quote -->\r\n\r\n<!-- wp:paragraph -->\r\n<p>Como nuevo usuario de WordPress, deber\u00edas ir a <a href=\"https:\/\/otraronda.xyz\/rock\/wp-admin\/\">tu escritorio<\/a> para borrar esta p\u00e1gina y crear nuevas p\u00e1ginas para tu contenido. \u00a1P\u00e1salo bien!<\/p>\r\n<!-- \/wp:paragraph -->","_et_gb_content_width":"","footnotes":""},"class_list":["post-161","page","type-page","status-publish","hentry"],"_links":{"self":[{"href":"https:\/\/otraronda.xyz\/rock\/wp-json\/wp\/v2\/pages\/161","targetHints":{"allow":["GET"]}}],"collection":[{"href":"https:\/\/otraronda.xyz\/rock\/wp-json\/wp\/v2\/pages"}],"about":[{"href":"https:\/\/otraronda.xyz\/rock\/wp-json\/wp\/v2\/types\/page"}],"author":[{"embeddable":true,"href":"https:\/\/otraronda.xyz\/rock\/wp-json\/wp\/v2\/users\/1"}],"replies":[{"embeddable":true,"href":"https:\/\/otraronda.xyz\/rock\/wp-json\/wp\/v2\/comments?post=161"}],"version-history":[{"count":17,"href":"https:\/\/otraronda.xyz\/rock\/wp-json\/wp\/v2\/pages\/161\/revisions"}],"predecessor-version":[{"id":192214,"href":"https:\/\/otraronda.xyz\/rock\/wp-json\/wp\/v2\/pages\/161\/revisions\/192214"}],"wp:attachment":[{"href":"https:\/\/otraronda.xyz\/rock\/wp-json\/wp\/v2\/media?parent=161"}],"curies":[{"name":"wp","href":"https:\/\/api.w.org\/{rel}","templated":true}]}}